{"id":1370,"date":"2016-09-29T16:41:19","date_gmt":"2016-09-29T20:41:19","guid":{"rendered":"http:\/\/mestrouvailles.ca\/?page_id=1370"},"modified":"2018-01-19T17:03:47","modified_gmt":"2018-01-19T21:03:47","slug":"recos-vino","status":"publish","type":"page","link":"https:\/\/mestrouvailles.ca\/index.php\/recos-vino\/","title":{"rendered":"Recos vino"},"content":{"rendered":"<p>Quelques recommandations de vins que j\u2019ai go\u00fbt\u00e9s, rassembl\u00e9es ici dans une liste p\u00eale-m\u00eale. On me demande souvent des suggestions de vins bios et comme \u00e7a me prend toujours par surprise, j\u2019ai d\u00e9cid\u00e9 de dresser cette liste, encore l\u00e0 sans pr\u00e9tention, pour aider mes amis et avoir moi-m\u00eame sous la main mes pr\u00e9f\u00e9r\u00e9s et mes pi\u00e8ges \u00e0 \u00e9viter.<\/p>\n<p><strong>Blancs<\/strong><\/p>\n<p><a href=\"http:\/\/www.saq.com\/page\/fr\/saqcom\/vin-blanc\/christophe-pacalet-beaujolais-blanc-2015\/13112870\" target=\"_blank\" rel=\"noopener\">Christophe Pacalet Beaujolais blanc<\/a> \u2013 28.50 $<\/p>\n<p><strong>Visuelle<\/strong> : La robe est p\u00e2le, l\u00e9g\u00e8rement trouble (filtration tr\u00e8s l\u00e9g\u00e8re).<br \/>\n<strong>Olfactive<\/strong> : Le nez est sur les fruits blancs, les agrumes avec une finale l\u00e9g\u00e8rement grill\u00e9e (noisette).<br \/>\n<strong>Gustative<\/strong> : La bouche est sur l\u2019\u00e9quilibre car la mati\u00e8re dense et avec un joli gras est bien contrebalanc\u00e9e par une acidit\u00e9 relativement bien pr\u00e9sente.<\/p>\n<p>Description : <a href=\"https:\/\/www.pechedivin.fr\/domaine-christophe-pacalet-beaujolais-blanc-2012\/\" target=\"_blank\" rel=\"noopener\">pechedivin<\/a><a href=\"https:\/\/www.pechedivin.fr\/domaine-christophe-pacalet-beaujolais-blanc-2012\/\" target=\"_blank\" rel=\"noopener\">.fr<\/a><\/p>\n<p><a href=\"http:\/\/www.saq.com\/page\/fr\/saqcom\/vin-blanc\/domaine-de-villaine-les-st-jacques-rully-2014\/10339041\" target=\"_blank\" rel=\"noopener\">Domaine de Villaine Les St-Jacques Rully 2014<\/a> \u2013 41 $<\/p>\n<p>Ici, on fr\u00f4le la perfection. Je sais, c\u2019est presque inimaginable mais tous ceux \u00e0 qui j\u2019ai fait go\u00fbter ce vin ont \u00e9t\u00e9 conquis. D\u2019une parfaite rondeur, ce blanc beurr\u00e9 est juste assez fruit\u00e9, contient juste assez de min\u00e9ralit\u00e9 et est juste assez sec pour vous amener au septi\u00e8me ciel.<\/p>\n<p><a href=\"http:\/\/www.saq.com\/page\/fr\/saqcom\/vin-blanc\/domaine-fouassier-les-grands-groux-2014\/12259423\" target=\"_blank\" rel=\"noopener\">Domaine Fouassier Les Grands Groux 2014 <\/a>\u2013 27.90 $<\/p>\n<p>Biodynamie et Sancerre, le mariage id\u00e9al pour obtenir un vin savoureux. Ce sauvignon blanc est souple et nous offre une finale soutenue. Assur\u00e9ment dans mes vins pr\u00e9f\u00e9r\u00e9s de l\u2019\u00e9t\u00e9!<\/p>\n<p><a href=\"http:\/\/www.saq.com\/page\/fr\/saqcom\/vin-blanc\/domaine-bois-dyver-chablis-villages-2014\/12891200\" target=\"_blank\" rel=\"noopener\">Domaine Bois d\u2019Yver Chablis Villages 2014<\/a> \u2013 29.85 $<\/p>\n<p>Levures naturelles, dioxyde de soufre\u00a0minime, vin non filtr\u00e9\u2026 Ce chablis est le parfait compagnon d\u2019un plateau d\u2019hu\u00eetres, d\u2019une entr\u00e9e de saumon fum\u00e9 ou de calmars. Ce vin de Bourgogne offre une belle acidit\u00e9 et une fra\u00eecheur certaine.<\/p>\n<p><a href=\"http:\/\/www.saq.com\/page\/fr\/saqcom\/vin-blanc\/domaine-de-lecu-dorthogneiss-2014\/10919141\" target=\"_blank\" rel=\"noopener\">Domaine de l\u2019Ecu d\u2019Orthogneiss 2014<\/a> \u2013 23.40 $<\/p>\n<p>\u00c0 ce prix, je vous invite \u00e0 vous procurer ce merveilleux produit qui a \u00e9t\u00e9 un de mes coups de c\u0153ur de l\u2019ann\u00e9e. Et je ne suis pas la seule :<\/p>\n<p>Notes : Robert Parker <b>90\/100<\/b><br \/>\n<i>\u00ab De couleur p\u00e2le, le Muscadet Orthogneiss 2013 poss\u00e8de des ar\u00f4mes pr\u00e9cis de fruits, citronn\u00e9s, de tilleul confit, de pomme s\u00e9ch\u00e9e. La bouche est assez riche et vive, fra\u00eeche et sal\u00e9e, complexe et longue en finale. C\u2019est un autre Muscadet \u00e0 go\u00fbter imp\u00e9rativement de ce formidable domaine en biodynamie. \u00bb <\/i>(Wine Advocate \u2013 Robert Parker).<\/p>\n<p><a href=\"http:\/\/www.saq.com\/page\/fr\/saqcom\/vin-blanc\/domaine-jean-fournier-marsannay-les-longeroies-2013\/12775461\" target=\"_blank\" rel=\"noopener\">Domaine Jean Fournier Marsannay Les Longeroies 2013<\/a> \u2013 41.25 $<\/p>\n<p>Quel merveilleux chardonnay, tout en \u00e9l\u00e9gance et en finesse. Un peu beurr\u00e9 en bouche, un nez qui rappelle la vanille, puis, au go\u00fbt, des saveurs d\u2019abricot et de pomme verte. \u00c0 ce prix, on se g\u00e2te mais \u00e7a en vaut la peine. Une belle d\u00e9couverte et un classique \u00e0 faire vieillir, si on sait r\u00e9sister\u2026<\/p>\n<p><a href=\"http:\/\/www.saq.com\/page\/fr\/saqcom\/vin-blanc\/domaine-tetramythos-roditis-2016\/12484575\" target=\"_blank\" rel=\"noopener\">Domaine Tetramythos Roditis 2016<\/a> \u2013 14.95 $<\/p>\n<p>Un petit blanc tout simple et vraiment pas cher, qui vos comblera de bonheur et qui expose des ar\u00f4mes de poires. En bouche, il est doux et savoureux, et se boit facilement. Un v\u00e9ritable petit bijou d\u2019\u00e9t\u00e9 et \u00e0 ce prix, on ne peut simplement pas s\u2019en priver!<\/p>\n<p><a href=\"http:\/\/www.saq.com\/page\/fr\/saqcom\/vin-blanc\/tenutae-lageder-gaun-chardonnay-2015\/742114\" target=\"_blank\" rel=\"noopener\">Tenutae Lageder Gaun Chardonnay 2015<\/a> \u2013 26.35 $<\/p>\n<p>Une obligation, tout simplement. Vous ne pouvez pas passer \u00e0 c\u00f4t\u00e9, c\u2019est \u00e0 essayer au moins une fois dans sa vie! De belles notes min\u00e9rales et florales au nez. Et une fois en bouche, la texture ample mais fra\u00eeche vous s\u00e9duira. Juste du bonheur en bouteille\u2026<\/p>\n<p><a href=\"http:\/\/www.saq.com\/page\/fr\/saqcom\/vin-blanc\/norman-hardie-riesling-2015\/13017602\" target=\"_blank\" rel=\"noopener\">Norman Hardie Riesling 2015 <\/a>\u2013 30.25 $<\/p>\n<p>Ok ici on fr\u00f4le la perfection et surtout, c\u2019est un produit canadien. Reconnu mondialement pour la finesse de ses produits, Norman adore les d\u00e9fis que lui procurent le travail vinicole. Ce riesling tout est finesse se rapproche du cidre avec une petite touche \u00ab\u00a0agrum\u00e9e\u00a0\u00bb tr\u00e8s int\u00e9ressante. Pssst pour payer moins cher, commandez en ligne sur le site du vignoble!<\/p>\n<p><a href=\"http:\/\/www.saq.com\/page\/fr\/saqcom\/vin-blanc\/dominique-cornin-macon-chaintre-2014\/12364741\" target=\"_blank\" rel=\"noopener\">Dominique Cornin M\u00e2con Chaintr\u00e9 2014<\/a> \u2013 25.60 $<\/p>\n<p>Vendange\u00a0manuelle, biodynamique et vinifi\u00e9e sur place : \u00e7a commence vraiment bien\u2026 On peut difficilement \u00eatre plus dans mes go\u00fbts :\u00a0fruits blancs, fleurs blanches et amande. Avec une bouche presque grasse qui se prolonge dans une merveilleuse finale assez soutenue, c\u2019est ici un de mes coups de coeur de 2017!<\/p>\n<p>\u00a0<\/p>\n<p><strong>Ros\u00e9s<\/strong><\/p>\n<p><a href=\"http:\/\/www.saq.com\/page\/fr\/saqcom\/vin-rose\/domaine-yannick-amirault-rose-dequinoxe-2014\/11900872\" target=\"_blank\" rel=\"noopener\">Domaine Yannick Amirault Ros\u00e9 d\u2019Equinoxe 2014<\/a> \u2013 24.60 $<\/p>\n<p>Ce ros\u00e9, 100% cabernet franc, est droit et jamais d\u00e9cevant dans les notes de fruits m\u00fbrs. Il a accompagn\u00e9 mon \u00e9t\u00e9, j\u2019en garde toujours \u00e0 la maison car je sais que je ne serai jamais d\u00e9\u00e7ue. D\u2019une couleur orang\u00e9e magnifique, il accompagnera parfaitement les bouch\u00e9es lors de l\u2019ap\u00e9ro. Et si par miracle la bouteille n\u2019est pas encore vide au plat principal, votre poisson sera mis en valeur tout comme vos brochettes grill\u00e9es.<\/p>\n<p><a href=\"http:\/\/www.saq.com\/page\/fr\/saqcom\/vin-rose\/alphonse-mellot-la-moussiere-2014\/12690694\" target=\"_blank\" rel=\"noopener\">Alphonse Mellot La Moussi\u00e8re 2014<\/a> \u2013 25.60 $<\/p>\n<p>J\u2019aurais parcouru des kilom\u00e8tres pour me procurer des r\u00e9serves de ce ros\u00e9 sublime tout en fra\u00eecheur et en fruits savoureux. Je me souviens encore de la premi\u00e8re gorg\u00e9e qui m\u2019a surprise mais surtout combl\u00e9e. Ce cher Alphonse a su trouver mon c\u0153ur et je ne l\u2019oublierai jamais\u2026<\/p>\n<p><a href=\"http:\/\/www.saq.com\/page\/fr\/saqcom\/vin-rose\/domaine-clavel-mescladis-pic-st-loup-2016\/12924770\" target=\"_blank\" rel=\"noopener\">Domaine Clavel Mescladis Pic St-Loup 2016<\/a> \u2013 18.60 $<\/p>\n<p>Un merveilleux ros\u00e9 qui annonce l\u2019\u00e9t\u00e9, m\u00eame si le temps est gris.<\/p>\n<p><em>\u00ab Voici un tr\u00e8s beau ros\u00e9 \u00e9labor\u00e9 avec les c\u00e9pages Syrah (60%), Grenache (30%) et Mourv\u00e8dre (10%). Un ros\u00e9 typiquement l\u00e9ger mais particuli\u00e8rement savoureux. Son nez fruit\u00e9 \u00e9voque les fruits rouges acidul\u00e9s et les agrumes. Tendre, rond et gouleyant, un ros\u00e9 de caract\u00e8re pour accompagner la pizza au prosciutto et roquette. \u00bb<\/em><br \/>\nNote : 88\/100<br \/>\nNick Hamilton, lesconseillersduvin.ca, 16 juin, 2016.<\/p>\n<p><a href=\"http:\/\/www.saq.com\/page\/fr\/saqcom\/vin-rose\/les-beatines-2016\/11232261\" target=\"_blank\" rel=\"noopener\">Les B\u00e9atines 2016<\/a> \u2013 20.95 $<\/p>\n<p>Un nouveau classique, d\u2019une grande beaut\u00e9 avec sa rose d\u2019une couleur rose orang\u00e9 clair. Nez fin et complexe, avec des ar\u00f4mes\u00a0d\u2019agrumes et de fleurs. En bouche, c\u2019est fin aussi, avec une belle acidit\u00e9, une bonne longueur qui culmine sur des notes fruit\u00e9es plaisantes.<\/p>\n<p>\u00a0<\/p>\n<p><strong>Rouges<\/strong><br \/>\n<a href=\"http:\/\/www.saq.com\/page\/fr\/saqcom\/vin-rouge\/domaine-catherine-et-pierre-breton-avis-de-vin-fort-2014\/12877256\" target=\"_blank\" rel=\"noopener\">Domaine Catherine et Pierre Breton Avis de Vin Fort 2014<\/a> \u2013 22.70 $<\/p>\n<p>Malgr\u00e9 son nom, pas besoin d\u2019\u00eatre si fort pour boire ce beau rouge l\u00e9ger. Comme on dit, \u00e7a se boit tout seul! Un bon petit rouge d\u2019\u00e9t\u00e9 rafra\u00eechissant, en finesse et sans grande finale. On est sur le fruit, \u00e7a se boit frais et c\u2019est parfait pour l\u2019ap\u00e9ro avec des petites charcuteries et des poissons grill\u00e9s.<\/p>\n<p><a href=\"http:\/\/www.saq.com\/page\/fr\/saqcom\/vin-rouge\/la-stoppa-trebbiolo-2014\/11896501\" target=\"_blank\" rel=\"noopener\">La Stoppa Trebbiolo 2014<\/a> \u2013 23.10 $<\/p>\n<p>J\u2019adore ce genre de vin qui, \u00e0 l\u2019ouverture, nous rappelle l\u2019odeur de la terre et du fruit bien m\u00fbr. Sur des notes de prunes assez flagrantes, ce rouge bien assum\u00e9 accompagnera vos viandes rouges et particuli\u00e8rement les mijot\u00e9s assaisonn\u00e9es de fines herbes fra\u00eeches. Parfait pour l\u2019automne!<\/p>\n<p><a href=\"http:\/\/www.saq.com\/page\/fr\/saqcom\/vin-rouge\/jean-foillard-morgon-cuvee-corcelette-2014\/12201643\" target=\"_blank\" rel=\"noopener\">Jean Foillard Morgon Cuv\u00e9e Corcelette 2014<\/a> \u2013 38.75 $<\/p>\n<p>Je suis une grande fan des Morgon donc je partais d\u2019embl\u00e9e avec un sentiment favorable mais je n\u2019ai vraiment pas \u00e9t\u00e9 d\u00e9\u00e7ue. Un pur d\u00e9lice! 100% Gamay, on a donc de belles notes de fruits et d\u2019\u00e9pices mais c\u2019est \u00e9quilibr\u00e9 avec une belle min\u00e9ralit\u00e9. D\u00e9licat mais riche, ce vin est rempli de surprise, \u00e0 chaque gorg\u00e9e. On reconna\u00eet la framboise en bouche avec une finale plus sur la cerise. Wow!<\/p>\n<p><a href=\"http:\/\/www.saq.com\/page\/fr\/saqcom\/vin-rouge\/anne--jean-francois-ganevat-libre-k\/12884405\" target=\"_blank\" rel=\"noopener\">Anne & Jean-Fran\u00e7ois Ganevat Libre K<\/a> \u2013 42.00 $<\/p>\n<p>Nul besoin de pr\u00e9senter le grand vigneron Jurassien Jean-Fran\u00e7ois Ganevat\u2026 Le ma\u00eetre incontest\u00e9 des m\u00e9thodes biodynamiques nous offre ici un produit qui d\u00e9passe tout ce qu\u2019on peut imaginer. De par sa vignification \u00e0 l\u2019ancienne, ce vin est fait pour \u00eatre bu rapidement et \u00e7a tombe bien car on ne pourrait pas y r\u00e9sister tr\u00e8s longtemps! Bien structur\u00e9 et offrant une belle trame \u00e9pic\u00e9e, ce Libre K est une belle surprise.<\/p>\n<p>Bon, bien entendu, je pourrais parler de tous les produits de Ganevat car je n\u2019ai jamais \u00e9t\u00e9 d\u00e9sappoint\u00e9e par ce producteur\u2026 Qu\u2019on parle du blanc <a href=\"http:\/\/www.saq.com\/page\/fr\/saqcom\/vin-blanc\/anne--jean-francois-ganevat-les-comperes-chardonnay-cotes-du-jura-2014\/11544003\" target=\"_blank\" rel=\"noopener\">Les Comp\u00e8res<\/a>, ou du rouge <a href=\"http:\/\/www.saq.com\/page\/fr\/saqcom\/vin-rouge\/anne--jean-francois-ganevat-la-jaja-du-ben\/12883998\" target=\"_blank\" rel=\"noopener\">L<\/a><a href=\"http:\/\/www.saq.com\/page\/fr\/saqcom\/vin-rouge\/anne--jean-francois-ganevat-la-jaja-du-ben\/12883998\" target=\"_blank\" rel=\"noopener\">a Jaja du Ben<\/a>, ou m\u00eame <a href=\"http:\/\/www.saq.com\/page\/fr\/saqcom\/vin-blanc\/anne--jean-francois-ganevat-le-montceau-2014\/12884392\" target=\"_blank\" rel=\"noopener\">Le Montceau<\/a>, ce sont tous d\u2019excellents produits \u00e0 savourer, en bonne compagnie!<\/p>\n<p><a href=\"http:\/\/www.saq.com\/page\/fr\/saqcom\/domaine-marcel-lapierre-raisins-gaulois\/domaine-marcel-lapierre-raisins-gaulois\/11459976\" target=\"_blank\" rel=\"noopener\">Domaine Marcel Lapierre Raisins Gaulois<\/a> \u2013 22.25 $<\/p>\n<p>Le vin de soif par excellence. Nature et r\u00e9alis\u00e9 avec le moins d\u2019interventions possible, ce petit bijou vous comblera. 100% gamay, ce succulent vin exhale des parfums de fruits rouges. Aussi bon avec du poisson qu\u2019avec du poulet au beurre.<\/p>\n<p>\u00a0<\/p>\n<p><strong>Champagnes et mousseux<\/strong><\/p>\n<p><a title=\"B\u00e9r\u00eache et Fils Brut R\u00e9serve\" href=\"http:\/\/www.saq.com\/page\/fr\/saqcom\/champagne\/bereche-et-fils-brut-reserve\/12677641\" target=\"_blank\" rel=\"noopener\">B\u00e9r\u00eache et Fils Brut R\u00e9serve<\/a>\u00a0\u2013 55 $<\/p>\n<p>Un champagne tout simplement sublime. Des bulles raffin\u00e9es, une l\u00e9g\u00e8re acidit\u00e9, une finesse et une justesse in\u00e9gal\u00e9e, franchement, je ne pourrais pas vous recommander mieux!<\/p>\n<p><a href=\"http:\/\/www.saq.com\/page\/fr\/saqcom\/domaine-barmes-buecher-cremant-dalsace\/domaine-barmes-buecher-cremant-dalsace\/10985851\" target=\"_blank\" rel=\"noopener\">Domaine Barm\u00e8s Buecher Cr\u00e9mant d\u2019Alsace<\/a> \u2013 26.35 $<\/p>\n<p>Un cr\u00e9mant d\u2019Alsace tout ce qu\u2019il y a de plus savoureux! De belles bulles fines et persistantes, une fra\u00eecheur assur\u00e9e et des notes florales subtiles, quoi de mieux pour ouvrir le bal d\u2019une soir\u00e9e entre amis?<\/p>\n<p><a href=\"http:\/\/www.saq.com\/page\/fr\/saqcom\/pascal-doquet-arpege-premier-cru-blanc-de-blancs-brut-nature\/pascal-doquet-arpege-premier-cru-blanc-de-blancs-brut-nature\/12024253\" target=\"_blank\" rel=\"noopener\">Pascal Doquet Arp\u00e8ge Premier Cru Blanc de Blancs Brut Nature<\/a> \u2013 64.25 $<\/p>\n<p>Une grande occasion \u00e0 c\u00e9l\u00e9brer? Voici le champagne qu\u2019il vous faut. Son petit c\u00f4t\u00e9 noisette et sa touche de melon miel chatouilleront vos papilles. Difficile de trouver mieux pour f\u00eater. Il vous faudra seulement r\u00e9sister pour ne pas ouvrir une autre bouteille\u2026<\/p>\n<p>\u00a0<\/p>\n<p>Photo : Unsplash | Angelina Litvin<\/p>\n","protected":false},"excerpt":{"rendered":"<p>Quelques recommandations de vins que j\u2019ai go\u00fbt\u00e9s, rassembl\u00e9es ici dans une liste p\u00eale-m\u00eale. On me demande souvent des suggestions de&hellip;<\/p>\n","protected":false},"author":1,"featured_media":1371,"parent":0,"menu_order":0,"comment_status":"closed","ping_status":"closed","template":"","meta":{"footnotes":""},"class_list":["post-1370","page","type-page","status-publish","has-post-thumbnail","hentry"],"_links":{"self":[{"href":"https:\/\/mestrouvailles.ca\/index.php\/wp-json\/wp\/v2\/pages\/1370","targetHints":{"allow":["GET"]}}],"collection":[{"href":"https:\/\/mestrouvailles.ca\/index.php\/wp-json\/wp\/v2\/pages"}],"about":[{"href":"https:\/\/mestrouvailles.ca\/index.php\/wp-json\/wp\/v2\/types\/page"}],"author":[{"embeddable":true,"href":"https:\/\/mestrouvailles.ca\/index.php\/wp-json\/wp\/v2\/users\/1"}],"replies":[{"embeddable":true,"href":"https:\/\/mestrouvailles.ca\/index.php\/wp-json\/wp\/v2\/comments?post=1370"}],"version-history":[{"count":32,"href":"https:\/\/mestrouvailles.ca\/index.php\/wp-json\/wp\/v2\/pages\/1370\/revisions"}],"predecessor-version":[{"id":2581,"href":"https:\/\/mestrouvailles.ca\/index.php\/wp-json\/wp\/v2\/pages\/1370\/revisions\/2581"}],"wp:featuredmedia":[{"embeddable":true,"href":"https:\/\/mestrouvailles.ca\/index.php\/wp-json\/wp\/v2\/media\/1371"}],"wp:attachment":[{"href":"https:\/\/mestrouvailles.ca\/index.php\/wp-json\/wp\/v2\/media?parent=1370"}],"curies":[{"name":"wp","href":"https:\/\/api.w.org\/{rel}","templated":true}]}}