{"id":3029,"date":"2018-08-02T13:22:10","date_gmt":"2018-08-02T17:22:10","guid":{"rendered":"http:\/\/mestrouvailles.ca\/?page_id=3029"},"modified":"2022-03-07T14:45:52","modified_gmt":"2022-03-07T19:45:52","slug":"a-propos","status":"publish","type":"page","link":"https:\/\/mestrouvailles.ca\/index.php\/a-propos\/","title":{"rendered":"\u00c0 propos"},"content":{"rendered":"<p>En toute humilit\u00e9, je partage ici mes trouvailles, sans engagement ni promesse. Au fur et \u00e0 mesure de mes d\u00e9couvertes, coups de c\u0153ur ou coups de gueule, j\u2019ajouterai ici des articles.<\/p>\n<p>Passionn\u00e9e de sant\u00e9, de bien-\u00eatre et de design sous toutes ses formes, l\u00e9g\u00e8rement&nbsp;<em>geek<\/em>&nbsp;dans l\u2019\u00e2me, j\u2019adore&nbsp;fouiner sur le web pour faire des d\u00e9couvertes. Apr\u00e8s des ann\u00e9es de trouvailles et de partage sur Facebook, j\u2019ai eu envie de rendre le tout plus \u201cofficiel\u201d et d\u2019\u00e9largir le public, ne serait-ce que pour rendre service \u00e0 ceux qui n\u2019ont pas le temps de faire le tour pour d\u00e9couvrir ce qu\u2019on peut y trouver de nouveau.<\/p>\n<p>Ayant toujours aim\u00e9 \u00e9crire, j\u2019y partage aussi mes trouvailles int\u00e9rieures, mes \u00e9tats d\u2019\u00e2mes et mes prises de conscience. Parce que j\u2019ai compris qu\u2019on croit parfois \u00eatre seul(e) dans nos difficult\u00e9s et que de lire les p\u00e9rip\u00e9ties et questionnements d\u2019une autre personne, \u00e7a peut parfois faire l\u2019effet d\u2019un petit baume ou d\u00e9clencher une r\u00e9flexion.<\/p>\n<p>Cr\u00e9dit photo : Julie Beaulieu \u2013&nbsp;<a href=\"http:\/\/www.djubox.ca\/blog\/\" target=\"_blank\" rel=\"noopener\">[djuBOX :: blog]<\/a><\/p>\n","protected":false},"excerpt":{"rendered":"<p>En toute humilit\u00e9, je partage ici mes trouvailles, sans engagement ni promesse. Au fur et \u00e0 mesure de mes d\u00e9couvertes,&hellip;<\/p>\n","protected":false},"author":1,"featured_media":28,"parent":0,"menu_order":0,"comment_status":"closed","ping_status":"closed","template":"","meta":{"footnotes":""},"class_list":["post-3029","page","type-page","status-publish","has-post-thumbnail","hentry"],"_links":{"self":[{"href":"https:\/\/mestrouvailles.ca\/index.php\/wp-json\/wp\/v2\/pages\/3029","targetHints":{"allow":["GET"]}}],"collection":[{"href":"https:\/\/mestrouvailles.ca\/index.php\/wp-json\/wp\/v2\/pages"}],"about":[{"href":"https:\/\/mestrouvailles.ca\/index.php\/wp-json\/wp\/v2\/types\/page"}],"author":[{"embeddable":true,"href":"https:\/\/mestrouvailles.ca\/index.php\/wp-json\/wp\/v2\/users\/1"}],"replies":[{"embeddable":true,"href":"https:\/\/mestrouvailles.ca\/index.php\/wp-json\/wp\/v2\/comments?post=3029"}],"version-history":[{"count":3,"href":"https:\/\/mestrouvailles.ca\/index.php\/wp-json\/wp\/v2\/pages\/3029\/revisions"}],"predecessor-version":[{"id":3754,"href":"https:\/\/mestrouvailles.ca\/index.php\/wp-json\/wp\/v2\/pages\/3029\/revisions\/3754"}],"wp:featuredmedia":[{"embeddable":true,"href":"https:\/\/mestrouvailles.ca\/index.php\/wp-json\/wp\/v2\/media\/28"}],"wp:attachment":[{"href":"https:\/\/mestrouvailles.ca\/index.php\/wp-json\/wp\/v2\/media?parent=3029"}],"curies":[{"name":"wp","href":"https:\/\/api.w.org\/{rel}","templated":true}]}}