{"id":3782,"date":"2022-11-08T13:44:24","date_gmt":"2022-11-08T18:44:24","guid":{"rendered":"https:\/\/mestrouvailles.ca\/?page_id=3782"},"modified":"2022-11-09T09:21:49","modified_gmt":"2022-11-09T14:21:49","slug":"courses","status":"publish","type":"page","link":"https:\/\/mestrouvailles.ca\/index.php\/courses\/","title":{"rendered":"Courses"},"content":{"rendered":"\n<p><\/p>\n\n\n\n<p>Cette page r\u00e9pertorie les courses, sur route ou en sentier, que j\u2019ai r\u00e9pertori\u00e9 dans la belle r\u00e9gion des Laurentides mais aussi ailleurs au Qu\u00e9bec.<\/p>\n\n\n\n<p><strong>Course en sentier Parc Basler, Morin-Heights<\/strong><\/p>\n\n\n\n<p>Juillet<\/p>\n\n\n\n<p>Un excellent parcours mod\u00e9r\u00e9 pour les familles et les personnes en qu\u00eate d\u2019un d\u00e9fi.<\/p>\n\n\n\n<p>Cet \u00e9v\u00e9nement familiale vous offrira 3 parcours mod\u00e9r\u00e9s sur 4 distances : 1k , 5k , 10k et 20k. Les parcours balis\u00e9s suivront les sentiers de v\u00e9lo de montagne du parc, ce qui offrira un d\u00e9fi \u00e0 tous, qu\u2019il s\u2019agisse d\u2019une course en famille ou d\u2019un entra\u00eenement pour un d\u00e9fi personnel. Inclus avec l\u2019inscription: M\u00e9dailles pour tous les participants, collation apr\u00e8s course, dossards avec puce de chronom\u00e9trage Sportstats, podium avec remise de m\u00e9dailles. <\/p>\n\n\n\n<p><a rel=\"noreferrer noopener\" href=\"https:\/\/raceroster.com\/events\/2022\/58380\/course-en-sentier-parc-basler-morin-heights\" target=\"_blank\">https:\/\/raceroster.com\/events\/2022\/58380\/course-en-sentier-parc-basler-morin-heights<\/a><\/p>\n\n\n\n<p class=\"has-medium-font-size\"><strong>Le Trail des Pionniers de Saint-Donat<\/strong><\/p>\n\n\n\n<p><strong>Septembre<\/strong><\/p>\n\n\n\n<p>\u00c0 Saint-Donat, les amateurs de nature sont combl\u00e9s avec plus de 200\u00a0 kilom\u00e8tres de sentiers et circuits et ses 81 lacs pour pratiquer une multitude d\u2019activit\u00e9s ou tout simplement pour se ressourcer.<\/p>\n\n\n\n<p>Cet \u00e9v\u00e8nement familial et inclusif vous fera d\u00e9couvrir des paysages magnifiques, en plus de vous inviter \u00e0 r\u00e9aliser des d\u00e9fis de courses en sentier accessibles pour tous. Le Trail des Pionniers de Saint-Donat aura comme point central le Parc des Pionniers pour les d\u00e9parts et les arriv\u00e9es avec son village \u00e9ph\u00e9m\u00e8re 100% familial.<\/p>\n\n\n\n<p><a href=\"https:\/\/www.rx1nation.com\/le-trail-des-pionniers-de-saint-donat\/\" target=\"_blank\" rel=\"noreferrer noopener\">https:\/\/www.rx1nation.com\/le-trail-des-pionniers-de-saint-donat\/<\/a><\/p>\n\n\n\n<p><\/p>\n\n\n\n<h3 class=\"has-medium-font-size wp-block-heading\"><strong>ULTRA-TRAIL HARRICANA DU CANADA<\/strong><\/h3>\n\n\n\n<p><strong>Vendredi, samedi et dimanche 8, 9, 10 septembre 2023, au Centre de ski du Mont Grand-Fonds de La Malbaie, Qu\u00e9bec<\/strong><\/p>\n\n\n\n<p>Une exp\u00e9rience de trail authentique dans la bor\u00e9alie, au coeur d\u2019une r\u00e9serve mondiale de la biosph\u00e8re. Un \u00e9cosyst\u00e8me riche abritant une faune et une flore exceptionnelles. Des chemins qui serpentent dans la nature sauvage de Charlevoix. Des sommets o\u00f9 le vent porte l\u2019effluve marine du fleuve Saint-Laurent et de la for\u00eat bor\u00e9ale.<\/p>\n\n\n\n<p>Le parcours de l\u2019Ultra-Trail Harricana du Canada\u2122 (UTHC) offre des paysages \u00e0 couper le souffle. R\u00e9sultat de l\u2019impact d\u2019une m\u00e9t\u00e9orite de 15 milliards de tonnes il y a 360 millions d\u2019ann\u00e9es, le crat\u00e8re de Charlevoix exhibe un relief particulier, unique.\u00a0 Voil\u00e0 l\u2019atmosph\u00e8re qui vous attend \u00e0 l\u2019Ultra-Trail Harricana du Canada\u2122, o\u00f9 vous pourrez laisser courir le loup int\u00e9rieur et lib\u00e9rer votre c\u00f4t\u00e9 sauvage !<\/p>\n\n\n\n<p><a rel=\"noreferrer noopener\" href=\"https:\/\/ultratrailharricana.com\/\" target=\"_blank\">https:\/\/ultratrailharricana.com\/<\/a><\/p>\n\n\n\n<h3 class=\"has-medium-font-size wp-block-heading\" id=\"page-title\"><strong>Marathon Desjardins Vall\u00e9e de la Rouge<\/strong><\/h3>\n\n\n\n<p><strong>Octobre<\/strong><\/p>\n\n\n\n<p>Un \u00e9v\u00e8nement sportif familial dans une ambiance chaleureuse sur le parcours enchanteur du Parc lin\u00e9aire le P\u2019tit Train du Nord entre Rivi\u00e8re-Rouge et Nominingue. Profitez-en ensuite pour visiter notre village d\u2019accueil avec son parcours des saveurs sur le site du centre sportif et culturel de la Vall\u00e9e de la Rouge (CSCVR).<\/p>\n\n\n\n<p><em>Un parcours sur une surface asphalt\u00e9e dans le cadre enchanteur \u00a0du parc lin\u00e9aire du P\u2019tit Train du Nord.<\/em><\/p>\n\n\n\n<p><em>Un d\u00e9nivel\u00e9 maximum de 30 m\u00e8tres pour optimiser votre vitesse de course.<\/em> <em>Le parcours se fait sur un aller-retour<\/em>.<\/p>\n\n\n\n<p><a rel=\"noreferrer noopener\" href=\"http:\/\/www.marathondelarouge.ca\/\" target=\"_blank\"><u>www.marathondelarouge.ca<\/u><\/a>\u00a0<\/p>\n\n\n\n<p class=\"has-medium-font-size\"><\/p>\n\n\n\n<p><\/p>\n\n\n\n<p><\/p>\n","protected":false},"excerpt":{"rendered":"<p>Cette page r\u00e9pertorie les courses, sur route ou en sentier, que j\u2019ai r\u00e9pertori\u00e9 dans la belle r\u00e9gion des Laurentides mais&hellip;<\/p>\n","protected":false},"author":1,"featured_media":2306,"parent":0,"menu_order":0,"comment_status":"closed","ping_status":"closed","template":"","meta":{"footnotes":""},"class_list":["post-3782","page","type-page","status-publish","has-post-thumbnail","hentry"],"_links":{"self":[{"href":"https:\/\/mestrouvailles.ca\/index.php\/wp-json\/wp\/v2\/pages\/3782","targetHints":{"allow":["GET"]}}],"collection":[{"href":"https:\/\/mestrouvailles.ca\/index.php\/wp-json\/wp\/v2\/pages"}],"about":[{"href":"https:\/\/mestrouvailles.ca\/index.php\/wp-json\/wp\/v2\/types\/page"}],"author":[{"embeddable":true,"href":"https:\/\/mestrouvailles.ca\/index.php\/wp-json\/wp\/v2\/users\/1"}],"replies":[{"embeddable":true,"href":"https:\/\/mestrouvailles.ca\/index.php\/wp-json\/wp\/v2\/comments?post=3782"}],"version-history":[{"count":7,"href":"https:\/\/mestrouvailles.ca\/index.php\/wp-json\/wp\/v2\/pages\/3782\/revisions"}],"predecessor-version":[{"id":3793,"href":"https:\/\/mestrouvailles.ca\/index.php\/wp-json\/wp\/v2\/pages\/3782\/revisions\/3793"}],"wp:featuredmedia":[{"embeddable":true,"href":"https:\/\/mestrouvailles.ca\/index.php\/wp-json\/wp\/v2\/media\/2306"}],"wp:attachment":[{"href":"https:\/\/mestrouvailles.ca\/index.php\/wp-json\/wp\/v2\/media?parent=3782"}],"curies":[{"name":"wp","href":"https:\/\/api.w.org\/{rel}","templated":true}]}}